{"id":46179,"date":"2026-01-08T15:38:38","date_gmt":"2026-01-08T14:38:38","guid":{"rendered":"https:\/\/infermeriabalear.com\/?page_id=46179"},"modified":"2026-01-09T13:06:48","modified_gmt":"2026-01-09T12:06:48","slug":"programa-recupera-t","status":"publish","type":"page","link":"https:\/\/infermeriabalear.com\/es\/programa-recupera-t\/","title":{"rendered":"Programa Recupera-t"},"content":{"rendered":"<div class=\"wpb-content-wrapper\"><div      class=\"vc_row wpb_row section  grid_section\" style=' text-align:left;'><div class=\" section_inner clearfix\"><div class='section_inner_margin clearfix'><div class=\"wpb_column vc_column_container vc_col-sm-12\"><div class=\"vc_column-inner\"><div class=\"wpb_wrapper\"><div class=\"vc_empty_space\"   style=\"height: 60px\"><span class=\"vc_empty_space_inner\"><\/span><\/div><blockquote class=' with_quote_icon' style=''><i class='fa fa-quote-right pull-left' style=''><\/i><h5 class='blockquote-text' style='color: #1ecad3;'>El Programa RECUPERA-T est\u00e1 orientado al tratamiento y la recuperaci\u00f3n de enfermeras y enfermeros que padecen problemas derivados de conductas adictivas y abuso de sustancias. Su objetivo es asegurar el retorno a la profesi\u00f3n en \u00f3ptimas condiciones, lo que, a su vez, garantiza una mayor seguridad para los ciudadanos<\/h5><\/blockquote><div class=\"vc_empty_space\"   style=\"height: 50px\"><span class=\"vc_empty_space_inner\"><\/span><\/div><\/div><\/div><\/div><\/div><\/div><\/div><div      class=\"vc_row wpb_row section  grid_section\" style=' text-align:left;'><div class=\" section_inner clearfix\"><div class='section_inner_margin clearfix'><div class=\"wpb_column vc_column_container vc_col-sm-6\"><div class=\"vc_column-inner\"><div class=\"wpb_wrapper\">\n\t<div class=\"wpb_text_column wpb_content_element \" >\n\t\t<div class=\"wpb_wrapper\">\n\t\t\t<h3><span style=\"color: #73c8d1;\">\u00bfA qui\u00e9n va dirigido?<\/span><\/h3>\n<p>&nbsp;<\/p>\n<p>El <strong>Programa Recupera-T<\/strong> se dirige a <strong>enfermeras y enfermeros colegiados en el COIBA<\/strong> que se encuentren en activo &#8211; o con posibilidad de reincorporaci\u00f3n\u2014 y que viven <strong>dificultades relacionadas con conductas adictivas o consumo de sustancias<\/strong> que pueden afectar a su salud y a su pr\u00e1ctica profesional.<\/p>\n<p>Es un programa <strong>voluntario<\/strong>, pensado para facilitar el acceso a la ayuda especializada en un entorno seguro, respetuoso y confidencial.<\/p>\n\n\t\t<\/div>\n\t<\/div>\n<div class=\"vc_empty_space\"   style=\"height: 30px\"><span class=\"vc_empty_space_inner\"><\/span><\/div>\n\t<div class=\"wpb_text_column wpb_content_element \" >\n\t\t<div class=\"wpb_wrapper\">\n\t\t\t<h3><span style=\"color: #73c8d1;\">El paper del COIBA<\/span><\/h3>\n<p>&nbsp;<\/p>\n<p>El <strong>COIBA<\/strong> impulsa el Programa Recupera-T como muestra de su <strong>compromiso con el bienestar de los profesionales enfermeros<\/strong> y con la calidad asistencial.<\/p>\n<p>El Col\u00b7legi coordina los recursos necesarios, vela por un proceso \u00e9tico y confidencial y ofrece un espacio seguro para que las enfermeras y enfermeros puedan <strong>pedir ayuda, recuperarse y continuar ejerciendo la profesi\u00f3n con garant\u00edas<\/strong>.<\/p>\n<p>El programa cuenta con el apoyo del Servei de Salut de les Illes Balears.<\/p>\n\n\t\t<\/div>\n\t<\/div>\n<div class=\"vc_empty_space\"   style=\"height: 40px\"><span class=\"vc_empty_space_inner\"><\/span><\/div>\n\t<div class=\"wpb_video_widget wpb_content_element vc_clearfix   vc_video-aspect-ratio-169 vc_video-el-width-100 vc_video-align-center\" >\n\t\t<div class=\"wpb_wrapper\">\n\t\t\t\n\t\t\t<div class=\"wpb_video_wrapper\"><iframe loading=\"lazy\" title=\"Presentaci\u00f3 Programa Recupera-T\" width=\"174\" height=\"309\" src=\"https:\/\/www.youtube.com\/embed\/p-4e1hZi99o?feature=oembed\" frameborder=\"0\" allow=\"accelerometer; autoplay; clipboard-write; encrypted-media; gyroscope; picture-in-picture; web-share\" referrerpolicy=\"strict-origin-when-cross-origin\" allowfullscreen><\/iframe><\/div>\n\t\t<\/div>\n\t<\/div>\n<\/div><\/div><\/div><div class=\"wpb_column vc_column_container vc_col-sm-6\"><div class=\"vc_column-inner\"><div class=\"wpb_wrapper\">\n\t<div class=\"wpb_text_column wpb_content_element \" >\n\t\t<div class=\"wpb_wrapper\">\n\t\t\t<h3><span style=\"color: #73c8d1;\">\u00bfQu\u00e9 ofrece el programa Recupera-T<\/span><\/h3>\n<p>&nbsp;<\/p>\n<p><strong>Recupera-T<\/strong> ofrece un <strong>acompa\u00f1amiento integral y especializado<\/strong> para ayudar a la recuperaci\u00f3n personal y profesional:<\/p>\n<ul>\n<li>Atenci\u00f3n especializada en salud mental.<\/li>\n<li>Evaluaci\u00f3n individual y plan terap\u00e9utico personalizado.<\/li>\n<li>Seguimiento y apoyo durante todo el proceso de recuperaci\u00f3n.<\/li>\n<li>Confidencialidad absoluta y entorno libre de estigmas.<\/li>\n<li>Apoyo para la vuelta al ejercicio profesional en condiciones \u00f3ptimas.<\/li>\n<\/ul>\n<p>El objetivo es <strong>cuidar la salud del profesional<\/strong> y garantizar una <strong>atenci\u00f3n segura y de calidad a la ciudadan\u00eda.<\/strong><\/p>\n\n\t\t<\/div>\n\t<\/div>\n<div class=\"vc_empty_space\"   style=\"height: 30px\"><span class=\"vc_empty_space_inner\"><\/span><\/div>\n\t<div class=\"wpb_text_column wpb_content_element \" >\n\t\t<div class=\"wpb_wrapper\">\n\t\t\t<p><img loading=\"lazy\" decoding=\"async\" class=\"alignleft wp-image-45494\" src=\"https:\/\/infermeriabalear.com\/wp-content\/uploads\/2025\/11\/Imatge-Recupera-T.png\" alt=\"\" width=\"120\" height=\"120\" srcset=\"https:\/\/infermeriabalear.com\/wp-content\/uploads\/2025\/11\/Imatge-Recupera-T.png 1080w, https:\/\/infermeriabalear.com\/wp-content\/uploads\/2025\/11\/Imatge-Recupera-T-300x300.png 300w, https:\/\/infermeriabalear.com\/wp-content\/uploads\/2025\/11\/Imatge-Recupera-T-150x150.png 150w, https:\/\/infermeriabalear.com\/wp-content\/uploads\/2025\/11\/Imatge-Recupera-T-768x768.png 768w, https:\/\/infermeriabalear.com\/wp-content\/uploads\/2025\/11\/Imatge-Recupera-T-12x12.png 12w, https:\/\/infermeriabalear.com\/wp-content\/uploads\/2025\/11\/Imatge-Recupera-T-650x650.png 650w\" sizes=\"auto, (max-width: 120px) 100vw, 120px\" \/><\/p>\n<h3 style=\"text-align: left;\"><span style=\"color: #73c8d1;\">\u00bfC\u00f3mo contactar?<\/span><\/h3>\n<p>Puedes pedir m\u00e1s informaci\u00f3n enviando un email a <a href=\"mailto:recuperat@infermeriabalear.com\">recuperat@infermeriabalear.com<\/a><\/p>\n<p>Recuerda: si quieres entrar a formar parte del programa, se te asignar\u00e1 un c\u00f3digo para que accedas a las consultas y al tratamiento de forma an\u00f3nima.<\/p>\n\n\t\t<\/div>\n\t<\/div>\n<\/div><\/div><\/div><\/div><\/div><\/div><div      class=\"vc_row wpb_row section  grid_section\" style=' text-align:left;'><div class=\" section_inner clearfix\"><div class='section_inner_margin clearfix'><div class=\"wpb_column vc_column_container vc_col-sm-12\"><div class=\"vc_column-inner\"><div class=\"wpb_wrapper\"><div class=\"vc_empty_space\"   style=\"height: 40px\"><span class=\"vc_empty_space_inner\"><\/span><\/div><div      class=\"vc_row wpb_row section vc_inner  grid_section\" style=' text-align:left;'><div class=\" section_inner clearfix\"><div class='section_inner_margin clearfix'><div class=\"wpb_column vc_column_container vc_col-sm-6\"><div class=\"vc_column-inner\"><div class=\"wpb_wrapper\"><\/div><\/div><\/div><\/div><\/div><\/div><div class=\"vc_empty_space\"   style=\"height: 15px\"><span class=\"vc_empty_space_inner\"><\/span><\/div><\/div><\/div><\/div><\/div><\/div><\/div>\n<\/div>","protected":false},"excerpt":{"rendered":"El Programa RECUPERA-T est\u00e1 orientado al tratamiento y la recuperaci\u00f3n de enfermeras y enfermeros que padecen problemas derivados de conductas...","protected":false},"author":9,"featured_media":0,"parent":0,"menu_order":0,"comment_status":"closed","ping_status":"closed","template":"full_width.php","meta":{"footnotes":""},"class_list":["post-46179","page","type-page","status-publish","hentry"],"_links":{"self":[{"href":"https:\/\/infermeriabalear.com\/es\/wp-json\/wp\/v2\/pages\/46179","targetHints":{"allow":["GET"]}}],"collection":[{"href":"https:\/\/infermeriabalear.com\/es\/wp-json\/wp\/v2\/pages"}],"about":[{"href":"https:\/\/infermeriabalear.com\/es\/wp-json\/wp\/v2\/types\/page"}],"author":[{"embeddable":true,"href":"https:\/\/infermeriabalear.com\/es\/wp-json\/wp\/v2\/users\/9"}],"replies":[{"embeddable":true,"href":"https:\/\/infermeriabalear.com\/es\/wp-json\/wp\/v2\/comments?post=46179"}],"version-history":[{"count":14,"href":"https:\/\/infermeriabalear.com\/es\/wp-json\/wp\/v2\/pages\/46179\/revisions"}],"predecessor-version":[{"id":46199,"href":"https:\/\/infermeriabalear.com\/es\/wp-json\/wp\/v2\/pages\/46179\/revisions\/46199"}],"wp:attachment":[{"href":"https:\/\/infermeriabalear.com\/es\/wp-json\/wp\/v2\/media?parent=46179"}],"curies":[{"name":"wp","href":"https:\/\/api.w.org\/{rel}","templated":true}]}}